{"id":28,"date":"2015-12-10T10:29:21","date_gmt":"2015-12-10T09:29:21","guid":{"rendered":"https:\/\/jesle2.zlin.eu\/tyrsovo-nabrezi\/kontakty\/"},"modified":"2026-03-11T10:54:33","modified_gmt":"2026-03-11T09:54:33","slug":"kontakty","status":"publish","type":"page","link":"https:\/\/jesle.zlin.eu\/tyrsovo-nabrezi\/kontakty\/","title":{"rendered":"Kontakty"},"content":{"rendered":"\n<h3 class=\"wp-block-heading\">Kontakt:<\/h3>\n\n\n\n<div style=\"height:6px\" aria-hidden=\"true\" class=\"wp-block-spacer\"><\/div>\n\n\n\n<h3 class=\"wp-block-heading\">Vedouc\u00ed jesl\u00ed &#8211; Bc. Lenka Z\u00e1me\u010dn\u00edkov\u00e1<\/h3>\n\n\n\n<p>mob.: <strong><a href=\"tel:+420778400547\" data-type=\"tel\" data-id=\"tel:+420778400547\">+420 778 400 547<\/a><\/strong> (Po &#8211; P\u00e1 8:00 &#8211; 15:00) &#8211; telefon neslou\u017e\u00ed k omlouv\u00e1n\u00ed d\u011bt\u00ed <\/p>\n\n\n\n<p>e-mail: <a href=\"mailto:jesletyrsovo@zlin.eu\"><strong>jesletyrsovo@zlin.eu<\/strong><\/a><\/p>\n\n\n\n<div style=\"height:4px\" aria-hidden=\"true\" class=\"wp-block-spacer\"><\/div>\n\n\n\n<h3 class=\"wp-block-heading\">Kontakt pro omlouv\u00e1n\u00ed d\u011bt\u00ed v\u010detn\u011b SMS:<\/h3>\n\n\n\n<ol start=\"1\" class=\"wp-block-list\">\n<li>Odd\u011blen\u00ed <strong>Beru\u0161ky<\/strong><br>mob.: <a href=\"tel:+420 778&nbsp;400&nbsp;303\"><strong>+420 778&nbsp;400&nbsp;303<\/strong><\/a><\/li>\n<\/ol>\n\n\n\n<ol start=\"2\" class=\"wp-block-list\">\n<li>Odd\u011blen\u00ed <strong>Mot\u00fdlci<\/strong><br>mob.: <a href=\"tel:+420 778&nbsp;400&nbsp;304\"><strong>+420 778&nbsp;400&nbsp;304<\/strong><\/a><\/li>\n<\/ol>\n\n\n\n<div style=\"height:19px\" aria-hidden=\"true\" class=\"wp-block-spacer\"><\/div>\n\n\n\n<div class=\"wp-block-columns is-layout-flex wp-container-core-columns-is-layout-28f84493 wp-block-columns-is-layout-flex\">\n<div class=\"wp-block-column is-layout-flow wp-block-column-is-layout-flow\">\n<h3 class=\"wp-block-heading\">N\u00e1zev<\/h3>\n\n\n\n<p>Jesle Tyr\u0161ovo n\u00e1b\u0159e\u017e\u00ed 747<\/p>\n\n\n\n<h3 class=\"wp-block-heading\">S\u00eddlo<\/h3>\n\n\n\n<p>Tyr\u0161ovo n\u00e1b\u0159e\u017e\u00ed 747, 760 01 Zl\u00edn<\/p>\n\n\n\n<h3 class=\"wp-block-heading\">Pr\u00e1vn\u00ed forma<\/h3>\n\n\n\n<p>organiza\u010dn\u00ed slo\u017eka<\/p>\n<\/div>\n\n\n\n<div class=\"wp-block-column is-layout-flow wp-block-column-is-layout-flow\">\n<h3 class=\"wp-block-heading\">Z\u0159izovatel<\/h3>\n\n\n\n<p>statut\u00e1rn\u00ed m\u011bsto Zl\u00edn<\/p>\n\n\n\n<h3 class=\"wp-block-heading\">S\u00eddlo z\u0159izovatele<\/h3>\n\n\n\n<p>n\u00e1m\u011bst\u00ed M\u00edru 12, 760 01 Zl\u00edn<\/p>\n\n\n\n<h3 class=\"wp-block-heading\">I\u010cO<\/h3>\n\n\n\n<p>00283924<\/p>\n<\/div>\n<\/div>\n\n\n\n<p><\/p>\n","protected":false},"excerpt":{"rendered":"<p>Kontakt: Vedouc\u00ed jesl\u00ed &#8211; Bc. Lenka Z\u00e1me\u010dn\u00edkov\u00e1 mob.: +420 778 400 547 (Po &#8211; P\u00e1 8:00 &#8211; 15:00) &#8211; telefon neslou\u017e\u00ed k omlouv\u00e1n\u00ed d\u011bt\u00ed e-mail: jesletyrsovo@zlin.eu Kontakt pro omlouv\u00e1n\u00ed d\u011bt\u00ed v\u010detn\u011b SMS: N\u00e1zev Jesle Tyr\u0161ovo n\u00e1b\u0159e\u017e\u00ed 747 S\u00eddlo Tyr\u0161ovo n\u00e1b\u0159e\u017e\u00ed 747, 760 01 Zl\u00edn Pr\u00e1vn\u00ed forma organiza\u010dn\u00ed slo\u017eka Z\u0159izovatel statut\u00e1rn\u00ed m\u011bsto Zl\u00edn S\u00eddlo z\u0159izovatele n\u00e1m\u011bst\u00ed [&hellip;]<\/p>\n","protected":false},"author":1,"featured_media":0,"parent":0,"menu_order":0,"comment_status":"closed","ping_status":"closed","template":"wp-custom-template-kontakt-str-nka","meta":{"_uag_custom_page_level_css":"","footnotes":""},"class_list":["post-28","page","type-page","status-publish","hentry"],"uagb_featured_image_src":{"full":false,"thumbnail":false,"medium":false,"medium_large":false,"large":false,"1536x1536":false,"2048x2048":false},"uagb_author_info":{"display_name":"adminJesle","author_link":"https:\/\/jesle.zlin.eu\/tyrsovo-nabrezi\/author\/adminjesle\/"},"uagb_comment_info":0,"uagb_excerpt":"Kontakt: Vedouc\u00ed jesl\u00ed &#8211; Bc. Lenka Z\u00e1me\u010dn\u00edkov\u00e1 mob.: +420 778 400 547 (Po &#8211; P\u00e1 8:00 &#8211; 15:00) &#8211; telefon neslou\u017e\u00ed k omlouv\u00e1n\u00ed d\u011bt\u00ed e-mail: jesletyrsovo@zlin.eu Kontakt pro omlouv\u00e1n\u00ed d\u011bt\u00ed v\u010detn\u011b SMS: N\u00e1zev Jesle Tyr\u0161ovo n\u00e1b\u0159e\u017e\u00ed 747 S\u00eddlo Tyr\u0161ovo n\u00e1b\u0159e\u017e\u00ed 747, 760 01 Zl\u00edn Pr\u00e1vn\u00ed forma organiza\u010dn\u00ed slo\u017eka Z\u0159izovatel statut\u00e1rn\u00ed m\u011bsto Zl\u00edn S\u00eddlo z\u0159izovatele n\u00e1m\u011bst\u00ed&hellip;","_links":{"self":[{"href":"https:\/\/jesle.zlin.eu\/tyrsovo-nabrezi\/wp-json\/wp\/v2\/pages\/28","targetHints":{"allow":["GET"]}}],"collection":[{"href":"https:\/\/jesle.zlin.eu\/tyrsovo-nabrezi\/wp-json\/wp\/v2\/pages"}],"about":[{"href":"https:\/\/jesle.zlin.eu\/tyrsovo-nabrezi\/wp-json\/wp\/v2\/types\/page"}],"author":[{"embeddable":true,"href":"https:\/\/jesle.zlin.eu\/tyrsovo-nabrezi\/wp-json\/wp\/v2\/users\/1"}],"replies":[{"embeddable":true,"href":"https:\/\/jesle.zlin.eu\/tyrsovo-nabrezi\/wp-json\/wp\/v2\/comments?post=28"}],"version-history":[{"count":18,"href":"https:\/\/jesle.zlin.eu\/tyrsovo-nabrezi\/wp-json\/wp\/v2\/pages\/28\/revisions"}],"predecessor-version":[{"id":5497,"href":"https:\/\/jesle.zlin.eu\/tyrsovo-nabrezi\/wp-json\/wp\/v2\/pages\/28\/revisions\/5497"}],"wp:attachment":[{"href":"https:\/\/jesle.zlin.eu\/tyrsovo-nabrezi\/wp-json\/wp\/v2\/media?parent=28"}],"curies":[{"name":"wp","href":"https:\/\/api.w.org\/{rel}","templated":true}]}}