{"id":4272,"date":"2015-12-10T10:29:21","date_gmt":"2015-12-10T09:29:21","guid":{"rendered":"https:\/\/jesle2.zlin.eu\/m-knesla\/kontakty\/"},"modified":"2025-05-05T12:37:34","modified_gmt":"2025-05-05T10:37:34","slug":"kontakty","status":"publish","type":"page","link":"https:\/\/jesle.zlin.eu\/m-knesla\/kontakty\/","title":{"rendered":"Kontakty"},"content":{"rendered":"\n<h3 class=\"wp-block-heading\">Kontakt pro omlouv\u00e1n\u00ed d\u011bt\u00ed v\u010detn\u011b SMS:<\/h3>\n\n\n\n<p>mob. <strong><a href=\"tel:+420778400305\">+420 778 400 305<\/a><\/strong><\/p>\n\n\n\n<h3 class=\"wp-block-heading\">Kontakt<\/h3>\n\n\n\n<p>tel. <a href=\"tel:+420577439544\"><strong>+420 577 439 544<\/strong><\/a><\/p>\n\n\n\n<h3 class=\"wp-block-heading\">Vedouc\u00ed jesl\u00ed<\/h3>\n\n\n\n<p>mob.:&nbsp;<strong><a href=\"tel:+420778400548\">+420 778 400 548<\/a><\/strong><\/p>\n\n\n\n<p>e-mail: <a href=\"mailto:jesleknesla@zlin.eu\"><strong>jesleknesla@zlin.eu<\/strong><\/a><\/p>\n\n\n\n<div style=\"height:50px\" aria-hidden=\"true\" class=\"wp-block-spacer\"><\/div>\n\n\n\n<div class=\"wp-block-columns is-layout-flex wp-container-core-columns-is-layout-28f84493 wp-block-columns-is-layout-flex\">\n<div class=\"wp-block-column is-layout-flow wp-block-column-is-layout-flow\">\n<h3 class=\"wp-block-heading\">N\u00e1zev<\/h3>\n\n\n\n<p>Jesle M. Knesla<\/p>\n\n\n\n<h3 class=\"wp-block-heading\">S\u00eddlo<\/h3>\n\n\n\n<p>M. Knesla 4056, 760 01 Zl\u00edn<\/p>\n\n\n\n<h3 class=\"wp-block-heading\">Pr\u00e1vn\u00ed forma<\/h3>\n\n\n\n<p>organiza\u010dn\u00ed slo\u017eka<\/p>\n<\/div>\n\n\n\n<div class=\"wp-block-column is-layout-flow wp-block-column-is-layout-flow\">\n<h3 class=\"wp-block-heading\">Z\u0159izovatel<\/h3>\n\n\n\n<p>statut\u00e1rn\u00ed m\u011bsto Zl\u00edn<\/p>\n\n\n\n<h3 class=\"wp-block-heading\">S\u00eddlo z\u0159izovatele<\/h3>\n\n\n\n<p>n\u00e1m\u011bst\u00ed M\u00edru 12, 761 40 Zl\u00edn<\/p>\n\n\n\n<h3 class=\"wp-block-heading\">I\u010cO<\/h3>\n\n\n\n<p>00283924<\/p>\n<\/div>\n<\/div>\n","protected":false},"excerpt":{"rendered":"<p>Kontakt pro omlouv\u00e1n\u00ed d\u011bt\u00ed v\u010detn\u011b SMS: mob. +420 778 400 305 Kontakt tel. +420 577 439 544 Vedouc\u00ed jesl\u00ed mob.:&nbsp;+420 778 400 548 e-mail: jesleknesla@zlin.eu N\u00e1zev Jesle M. Knesla S\u00eddlo M. Knesla 4056, 760 01 Zl\u00edn Pr\u00e1vn\u00ed forma organiza\u010dn\u00ed slo\u017eka Z\u0159izovatel statut\u00e1rn\u00ed m\u011bsto Zl\u00edn S\u00eddlo z\u0159izovatele n\u00e1m\u011bst\u00ed M\u00edru 12, 761 40 Zl\u00edn I\u010cO 00283924<\/p>\n","protected":false},"author":1,"featured_media":0,"parent":0,"menu_order":0,"comment_status":"closed","ping_status":"closed","template":"wp-custom-template-kontakt-str-nka","meta":{"_uag_custom_page_level_css":"","footnotes":""},"class_list":["post-4272","page","type-page","status-publish","hentry"],"uagb_featured_image_src":{"full":false,"thumbnail":false,"medium":false,"medium_large":false,"large":false,"1536x1536":false,"2048x2048":false},"uagb_author_info":{"display_name":"adminJesle","author_link":"https:\/\/jesle.zlin.eu\/m-knesla\/author\/adminjesle\/"},"uagb_comment_info":0,"uagb_excerpt":"Kontakt pro omlouv\u00e1n\u00ed d\u011bt\u00ed v\u010detn\u011b SMS: mob. +420 778 400 305 Kontakt tel. +420 577 439 544 Vedouc\u00ed jesl\u00ed mob.:&nbsp;+420 778 400 548 e-mail: jesleknesla@zlin.eu N\u00e1zev Jesle M. Knesla S\u00eddlo M. Knesla 4056, 760 01 Zl\u00edn Pr\u00e1vn\u00ed forma organiza\u010dn\u00ed slo\u017eka Z\u0159izovatel statut\u00e1rn\u00ed m\u011bsto Zl\u00edn S\u00eddlo z\u0159izovatele n\u00e1m\u011bst\u00ed M\u00edru 12, 761 40 Zl\u00edn I\u010cO 00283924","_links":{"self":[{"href":"https:\/\/jesle.zlin.eu\/m-knesla\/wp-json\/wp\/v2\/pages\/4272","targetHints":{"allow":["GET"]}}],"collection":[{"href":"https:\/\/jesle.zlin.eu\/m-knesla\/wp-json\/wp\/v2\/pages"}],"about":[{"href":"https:\/\/jesle.zlin.eu\/m-knesla\/wp-json\/wp\/v2\/types\/page"}],"author":[{"embeddable":true,"href":"https:\/\/jesle.zlin.eu\/m-knesla\/wp-json\/wp\/v2\/users\/1"}],"replies":[{"embeddable":true,"href":"https:\/\/jesle.zlin.eu\/m-knesla\/wp-json\/wp\/v2\/comments?post=4272"}],"version-history":[{"count":6,"href":"https:\/\/jesle.zlin.eu\/m-knesla\/wp-json\/wp\/v2\/pages\/4272\/revisions"}],"predecessor-version":[{"id":4527,"href":"https:\/\/jesle.zlin.eu\/m-knesla\/wp-json\/wp\/v2\/pages\/4272\/revisions\/4527"}],"wp:attachment":[{"href":"https:\/\/jesle.zlin.eu\/m-knesla\/wp-json\/wp\/v2\/media?parent=4272"}],"curies":[{"name":"wp","href":"https:\/\/api.w.org\/{rel}","templated":true}]}}